{"id":1756,"date":"2024-03-06T08:37:13","date_gmt":"2024-03-06T08:37:13","guid":{"rendered":"https:\/\/lesmagnolies.com\/reservar\/"},"modified":"2024-04-26T10:16:47","modified_gmt":"2024-04-26T10:16:47","slug":"reservar","status":"publish","type":"page","link":"https:\/\/lesmagnolies.com\/es\/reservar\/","title":{"rendered":"Reservar"},"content":{"rendered":"\t\t<div data-elementor-type=\"wp-page\" data-elementor-id=\"1756\" class=\"elementor elementor-1756 elementor-24\" data-elementor-post-type=\"page\">\n\t\t\t\t<div class=\"elementor-element elementor-element-b01f48d e-con-full e-flex e-con e-parent\" data-id=\"b01f48d\" data-element_type=\"container\" data-e-type=\"container\" data-settings=\"{&quot;background_background&quot;:&quot;classic&quot;}\">\n\t\t\t\t<div class=\"elementor-element elementor-element-01afdec elementor-widget elementor-widget-spacer\" data-id=\"01afdec\" data-element_type=\"widget\" data-e-type=\"widget\" data-widget_type=\"spacer.default\">\n\t\t\t\t<div class=\"elementor-widget-container\">\n\t\t\t\t\t\t\t<div class=\"elementor-spacer\">\n\t\t\t<div class=\"elementor-spacer-inner\"><\/div>\n\t\t<\/div>\n\t\t\t\t\t\t<\/div>\n\t\t\t\t<\/div>\n\t\t\t\t<\/div>\n\t\t<div class=\"elementor-element elementor-element-f8a01f2 e-con-full e-flex e-con e-parent\" data-id=\"f8a01f2\" data-element_type=\"container\" data-e-type=\"container\">\n\t\t<div class=\"elementor-element elementor-element-1cc388f e-con-full e-flex e-con e-child\" data-id=\"1cc388f\" data-element_type=\"container\" data-e-type=\"container\" data-settings=\"{&quot;background_background&quot;:&quot;classic&quot;}\">\n\t\t\t\t<div class=\"elementor-element elementor-element-2d34bc6 elementor-widget__width-initial textprimeraseccio elementor-widget elementor-widget-text-editor\" data-id=\"2d34bc6\" data-element_type=\"widget\" data-e-type=\"widget\" data-widget_type=\"text-editor.default\">\n\t\t\t\t<div class=\"elementor-widget-container\">\n\t\t\t\t\t\t\t\t\t<p>Para realizar una reserva elige el d\u00eda y la hora en el calendario y rellena el formulario.<br \/>Si tiene un vale regalo cont\u00e1ctenos telef\u00f3nicamente.<\/p>\n\t\t\t\t\t\t\t\t<\/div>\n\t\t\t\t<\/div>\n\t\t\t\t<\/div>\n\t\t\t\t<\/div>\n\t\t<div class=\"elementor-element elementor-element-915fe6e e-flex e-con-boxed e-con e-parent\" data-id=\"915fe6e\" data-element_type=\"container\" data-e-type=\"container\">\n\t\t\t\t\t<div class=\"e-con-inner\">\n\t\t\t\t<div class=\"elementor-element elementor-element-94d795d elementor-widget__width-inherit elementor-widget elementor-widget-html\" data-id=\"94d795d\" data-element_type=\"widget\" data-e-type=\"widget\" data-widget_type=\"html.default\">\n\t\t\t\t<div class=\"elementor-widget-container\">\n\t\t\t\t\t<iframe class=\"eltenedor\" src=\"https:\/\/widget.thefork.com\/5b101ab2-7519-4b68-90af-da455137a533\" allow=\"payment *\" scrolling=\"yes\"><\/iframe>\n  <script type=\"text\/javascript\" src=\"https:\/\/calendarexamples.thefork.com\/js\/iframeResizer.min.js\" scrolling=\"yes\"><\/script>\n<script type=\"text\/javascript\">iFrameResize();<\/script>\t\t\t\t<\/div>\n\t\t\t\t<\/div>\n\t\t\t\t\t<\/div>\n\t\t\t\t<\/div>\n\t\t\t\t<\/div>\n\t\t","protected":false},"excerpt":{"rendered":"<p>Para realizar una reserva elige el d\u00eda y la hora en el calendario y rellena el formulario.Si tiene un vale regalo cont\u00e1ctenos telef\u00f3nicamente.<\/p>\n","protected":false},"author":1,"featured_media":0,"parent":0,"menu_order":0,"comment_status":"closed","ping_status":"closed","template":"elementor_header_footer","meta":{"inline_featured_image":false,"footnotes":""},"class_list":["post-1756","page","type-page","status-publish","hentry"],"yoast_head":"<!-- This site is optimized with the Yoast SEO plugin v27.3 - https:\/\/yoast.com\/product\/yoast-seo-wordpress\/ -->\n<title>Reservar<\/title>\n<meta name=\"robots\" content=\"index, follow, max-snippet:-1, max-image-preview:large, max-video-preview:-1\" \/>\n<link rel=\"canonical\" href=\"https:\/\/lesmagnolies.com\/es\/reservar\/\" \/>\n<meta property=\"og:locale\" content=\"es_ES\" \/>\n<meta property=\"og:type\" content=\"article\" \/>\n<meta property=\"og:title\" content=\"Reservar\" \/>\n<meta property=\"og:description\" content=\"Para realizar una reserva elige el d\u00eda y la hora en el calendario y rellena el formulario.Si tiene un vale regalo cont\u00e1ctenos telef\u00f3nicamente.\" \/>\n<meta property=\"og:url\" content=\"https:\/\/lesmagnolies.com\/es\/reservar\/\" \/>\n<meta property=\"og:site_name\" content=\"Les Magn\u00f2lies\" \/>\n<meta property=\"article:modified_time\" content=\"2024-04-26T10:16:47+00:00\" \/>\n<meta name=\"twitter:card\" content=\"summary_large_image\" \/>\n<meta name=\"twitter:label1\" content=\"Tiempo de lectura\" \/>\n\t<meta name=\"twitter:data1\" content=\"1 minuto\" \/>\n<script type=\"application\/ld+json\" class=\"yoast-schema-graph\">{\"@context\":\"https:\\\/\\\/schema.org\",\"@graph\":[{\"@type\":\"WebPage\",\"@id\":\"https:\\\/\\\/lesmagnolies.com\\\/es\\\/reservar\\\/\",\"url\":\"https:\\\/\\\/lesmagnolies.com\\\/es\\\/reservar\\\/\",\"name\":\"Reservar\",\"isPartOf\":{\"@id\":\"https:\\\/\\\/lesmagnolies.com\\\/es\\\/#website\"},\"datePublished\":\"2024-03-06T08:37:13+00:00\",\"dateModified\":\"2024-04-26T10:16:47+00:00\",\"breadcrumb\":{\"@id\":\"https:\\\/\\\/lesmagnolies.com\\\/es\\\/reservar\\\/#breadcrumb\"},\"inLanguage\":\"es\",\"potentialAction\":[{\"@type\":\"ReadAction\",\"target\":[\"https:\\\/\\\/lesmagnolies.com\\\/es\\\/reservar\\\/\"]}]},{\"@type\":\"BreadcrumbList\",\"@id\":\"https:\\\/\\\/lesmagnolies.com\\\/es\\\/reservar\\\/#breadcrumb\",\"itemListElement\":[{\"@type\":\"ListItem\",\"position\":1,\"name\":\"Inici\",\"item\":\"https:\\\/\\\/lesmagnolies.com\\\/es\\\/inicio\\\/\"},{\"@type\":\"ListItem\",\"position\":2,\"name\":\"Reservar\"}]},{\"@type\":\"WebSite\",\"@id\":\"https:\\\/\\\/lesmagnolies.com\\\/es\\\/#website\",\"url\":\"https:\\\/\\\/lesmagnolies.com\\\/es\\\/\",\"name\":\"Restaurant Les Magn\u00f2lies\",\"description\":\"Restaurant de producte a Arb\u00facies\",\"publisher\":{\"@id\":\"https:\\\/\\\/lesmagnolies.com\\\/es\\\/#organization\"},\"alternateName\":\"Restaurant Les Magn\u00f2lies\",\"potentialAction\":[{\"@type\":\"SearchAction\",\"target\":{\"@type\":\"EntryPoint\",\"urlTemplate\":\"https:\\\/\\\/lesmagnolies.com\\\/es\\\/?s={search_term_string}\"},\"query-input\":{\"@type\":\"PropertyValueSpecification\",\"valueRequired\":true,\"valueName\":\"search_term_string\"}}],\"inLanguage\":\"es\"},{\"@type\":\"Organization\",\"@id\":\"https:\\\/\\\/lesmagnolies.com\\\/es\\\/#organization\",\"name\":\"Restaurant Les Magn\u00f2lies\",\"alternateName\":\"Restaurant Les Magn\u00f2lies\",\"url\":\"https:\\\/\\\/lesmagnolies.com\\\/es\\\/\",\"logo\":{\"@type\":\"ImageObject\",\"inLanguage\":\"es\",\"@id\":\"https:\\\/\\\/lesmagnolies.com\\\/es\\\/#\\\/schema\\\/logo\\\/image\\\/\",\"url\":\"https:\\\/\\\/lesmagnolies.com\\\/wp-content\\\/uploads\\\/2024\\\/03\\\/logo-amb-flor.svg\",\"contentUrl\":\"https:\\\/\\\/lesmagnolies.com\\\/wp-content\\\/uploads\\\/2024\\\/03\\\/logo-amb-flor.svg\",\"width\":340,\"height\":171,\"caption\":\"Restaurant Les Magn\u00f2lies\"},\"image\":{\"@id\":\"https:\\\/\\\/lesmagnolies.com\\\/es\\\/#\\\/schema\\\/logo\\\/image\\\/\"},\"sameAs\":[\"https:\\\/\\\/www.instagram.com\\\/lesmagnolies\\\/\"]}]}<\/script>\n<!-- \/ Yoast SEO plugin. -->","yoast_head_json":{"title":"Reservar","robots":{"index":"index","follow":"follow","max-snippet":"max-snippet:-1","max-image-preview":"max-image-preview:large","max-video-preview":"max-video-preview:-1"},"canonical":"https:\/\/lesmagnolies.com\/es\/reservar\/","og_locale":"es_ES","og_type":"article","og_title":"Reservar","og_description":"Para realizar una reserva elige el d\u00eda y la hora en el calendario y rellena el formulario.Si tiene un vale regalo cont\u00e1ctenos telef\u00f3nicamente.","og_url":"https:\/\/lesmagnolies.com\/es\/reservar\/","og_site_name":"Les Magn\u00f2lies","article_modified_time":"2024-04-26T10:16:47+00:00","twitter_card":"summary_large_image","twitter_misc":{"Tiempo de lectura":"1 minuto"},"schema":{"@context":"https:\/\/schema.org","@graph":[{"@type":"WebPage","@id":"https:\/\/lesmagnolies.com\/es\/reservar\/","url":"https:\/\/lesmagnolies.com\/es\/reservar\/","name":"Reservar","isPartOf":{"@id":"https:\/\/lesmagnolies.com\/es\/#website"},"datePublished":"2024-03-06T08:37:13+00:00","dateModified":"2024-04-26T10:16:47+00:00","breadcrumb":{"@id":"https:\/\/lesmagnolies.com\/es\/reservar\/#breadcrumb"},"inLanguage":"es","potentialAction":[{"@type":"ReadAction","target":["https:\/\/lesmagnolies.com\/es\/reservar\/"]}]},{"@type":"BreadcrumbList","@id":"https:\/\/lesmagnolies.com\/es\/reservar\/#breadcrumb","itemListElement":[{"@type":"ListItem","position":1,"name":"Inici","item":"https:\/\/lesmagnolies.com\/es\/inicio\/"},{"@type":"ListItem","position":2,"name":"Reservar"}]},{"@type":"WebSite","@id":"https:\/\/lesmagnolies.com\/es\/#website","url":"https:\/\/lesmagnolies.com\/es\/","name":"Restaurant Les Magn\u00f2lies","description":"Restaurant de producte a Arb\u00facies","publisher":{"@id":"https:\/\/lesmagnolies.com\/es\/#organization"},"alternateName":"Restaurant Les Magn\u00f2lies","potentialAction":[{"@type":"SearchAction","target":{"@type":"EntryPoint","urlTemplate":"https:\/\/lesmagnolies.com\/es\/?s={search_term_string}"},"query-input":{"@type":"PropertyValueSpecification","valueRequired":true,"valueName":"search_term_string"}}],"inLanguage":"es"},{"@type":"Organization","@id":"https:\/\/lesmagnolies.com\/es\/#organization","name":"Restaurant Les Magn\u00f2lies","alternateName":"Restaurant Les Magn\u00f2lies","url":"https:\/\/lesmagnolies.com\/es\/","logo":{"@type":"ImageObject","inLanguage":"es","@id":"https:\/\/lesmagnolies.com\/es\/#\/schema\/logo\/image\/","url":"https:\/\/lesmagnolies.com\/wp-content\/uploads\/2024\/03\/logo-amb-flor.svg","contentUrl":"https:\/\/lesmagnolies.com\/wp-content\/uploads\/2024\/03\/logo-amb-flor.svg","width":340,"height":171,"caption":"Restaurant Les Magn\u00f2lies"},"image":{"@id":"https:\/\/lesmagnolies.com\/es\/#\/schema\/logo\/image\/"},"sameAs":["https:\/\/www.instagram.com\/lesmagnolies\/"]}]}},"_links":{"self":[{"href":"https:\/\/lesmagnolies.com\/es\/wp-json\/wp\/v2\/pages\/1756","targetHints":{"allow":["GET"]}}],"collection":[{"href":"https:\/\/lesmagnolies.com\/es\/wp-json\/wp\/v2\/pages"}],"about":[{"href":"https:\/\/lesmagnolies.com\/es\/wp-json\/wp\/v2\/types\/page"}],"author":[{"embeddable":true,"href":"https:\/\/lesmagnolies.com\/es\/wp-json\/wp\/v2\/users\/1"}],"replies":[{"embeddable":true,"href":"https:\/\/lesmagnolies.com\/es\/wp-json\/wp\/v2\/comments?post=1756"}],"version-history":[{"count":7,"href":"https:\/\/lesmagnolies.com\/es\/wp-json\/wp\/v2\/pages\/1756\/revisions"}],"predecessor-version":[{"id":1949,"href":"https:\/\/lesmagnolies.com\/es\/wp-json\/wp\/v2\/pages\/1756\/revisions\/1949"}],"wp:attachment":[{"href":"https:\/\/lesmagnolies.com\/es\/wp-json\/wp\/v2\/media?parent=1756"}],"curies":[{"name":"wp","href":"https:\/\/api.w.org\/{rel}","templated":true}]}}