{"id":1774,"date":"2024-03-06T08:25:29","date_gmt":"2024-03-06T08:25:29","guid":{"rendered":"https:\/\/lesmagnolies.com\/home\/"},"modified":"2024-04-16T09:55:01","modified_gmt":"2024-04-16T09:55:01","slug":"home","status":"publish","type":"page","link":"https:\/\/lesmagnolies.com\/en\/","title":{"rendered":"Home"},"content":{"rendered":"\t\t<div data-elementor-type=\"wp-page\" data-elementor-id=\"1774\" class=\"elementor elementor-1774 elementor-12\" data-elementor-post-type=\"page\">\n\t\t\t\t<div class=\"elementor-element elementor-element-1f7f255 e-con-full e-flex e-con e-parent\" data-id=\"1f7f255\" data-element_type=\"container\" data-e-type=\"container\">\n\t\t<div class=\"elementor-element elementor-element-71965b4 e-con-full e-flex e-con e-child\" data-id=\"71965b4\" data-element_type=\"container\" data-e-type=\"container\" data-settings=\"{&quot;background_background&quot;:&quot;slideshow&quot;,&quot;background_slideshow_gallery&quot;:[{&quot;id&quot;:1417,&quot;url&quot;:&quot;https:\\\/\\\/lesmagnolies.com\\\/wp-content\\\/uploads\\\/2024\\\/04\\\/inici-a.jpg&quot;},{&quot;id&quot;:1420,&quot;url&quot;:&quot;https:\\\/\\\/lesmagnolies.com\\\/wp-content\\\/uploads\\\/2024\\\/04\\\/inici-b.jpg&quot;},{&quot;id&quot;:1423,&quot;url&quot;:&quot;https:\\\/\\\/lesmagnolies.com\\\/wp-content\\\/uploads\\\/2024\\\/04\\\/inici-c.jpg&quot;},{&quot;id&quot;:1426,&quot;url&quot;:&quot;https:\\\/\\\/lesmagnolies.com\\\/wp-content\\\/uploads\\\/2024\\\/04\\\/inici-d.jpg&quot;},{&quot;id&quot;:1429,&quot;url&quot;:&quot;https:\\\/\\\/lesmagnolies.com\\\/wp-content\\\/uploads\\\/2024\\\/04\\\/inici-e.jpg&quot;},{&quot;id&quot;:1477,&quot;url&quot;:&quot;https:\\\/\\\/lesmagnolies.com\\\/wp-content\\\/uploads\\\/2024\\\/04\\\/inici-d-1.jpg&quot;}],&quot;background_slideshow_loop&quot;:&quot;yes&quot;,&quot;background_slideshow_slide_duration&quot;:5000,&quot;background_slideshow_slide_transition&quot;:&quot;fade&quot;,&quot;background_slideshow_transition_duration&quot;:500}\">\n\t\t\t\t<\/div>\n\t\t<div class=\"elementor-element elementor-element-7ede262 e-con-full e-flex e-con e-child\" data-id=\"7ede262\" data-element_type=\"container\" data-e-type=\"container\" data-settings=\"{&quot;background_background&quot;:&quot;gradient&quot;}\">\n\t\t\t\t<div class=\"elementor-element elementor-element-5f4ebaf elementor-widget__width-initial textprimeraseccio elementor-widget-mobile__width-inherit elementor-hidden-desktop elementor-hidden-tablet elementor-hidden-mobile_extra elementor-widget elementor-widget-heading\" data-id=\"5f4ebaf\" data-element_type=\"widget\" data-e-type=\"widget\" data-widget_type=\"heading.default\">\n\t\t\t\t<div class=\"elementor-widget-container\">\n\t\t\t\t\t<p class=\"elementor-heading-title elementor-size-default\">\u201cA chef becomes an artist when he has something to say through his dishes, like a painter with his creations\u201d Joan Mir\u00f3<\/p>\t\t\t\t<\/div>\n\t\t\t\t<\/div>\n\t\t\t\t<div class=\"elementor-element elementor-element-7b00791 elementor-align-center elementor-widget__width-inherit elementor-hidden-desktop elementor-hidden-tablet elementor-hidden-mobile_extra elementor-widget elementor-widget-button\" data-id=\"7b00791\" data-element_type=\"widget\" data-e-type=\"widget\" data-widget_type=\"button.default\">\n\t\t\t\t<div class=\"elementor-widget-container\">\n\t\t\t\t\t\t\t\t\t<div class=\"elementor-button-wrapper\">\n\t\t\t\t\t<a class=\"elementor-button elementor-button-link elementor-size-sm\" href=\"https:\/\/lesmagnolies.com\/en\/restaurant\/\">\n\t\t\t\t\t\t<span class=\"elementor-button-content-wrapper\">\n\t\t\t\t\t\t\t\t\t<span class=\"elementor-button-text\">RESTAURANT<\/span>\n\t\t\t\t\t<\/span>\n\t\t\t\t\t<\/a>\n\t\t\t\t<\/div>\n\t\t\t\t\t\t\t\t<\/div>\n\t\t\t\t<\/div>\n\t\t\t\t<\/div>\n\t\t\t\t<\/div>\n\t\t<div class=\"elementor-element elementor-element-bff7f4d e-con-full e-flex e-con e-parent\" data-id=\"bff7f4d\" data-element_type=\"container\" data-e-type=\"container\">\n\t\t<div class=\"elementor-element elementor-element-34cc8e6 e-con-full e-flex e-con e-child\" data-id=\"34cc8e6\" data-element_type=\"container\" data-e-type=\"container\" data-settings=\"{&quot;background_background&quot;:&quot;gradient&quot;}\">\n\t\t\t\t<div class=\"elementor-element elementor-element-457d74b elementor-widget__width-initial textprimeraseccio elementor-widget elementor-widget-heading\" data-id=\"457d74b\" data-element_type=\"widget\" data-e-type=\"widget\" data-widget_type=\"heading.default\">\n\t\t\t\t<div class=\"elementor-widget-container\">\n\t\t\t\t\t<h1 class=\"elementor-heading-title elementor-size-default\">Les Magn\u00f2lies Restaurant<\/h1>\t\t\t\t<\/div>\n\t\t\t\t<\/div>\n\t\t\t\t<div class=\"elementor-element elementor-element-165a0e7 elementor-widget__width-initial elementor-widget elementor-widget-heading\" data-id=\"165a0e7\" data-element_type=\"widget\" data-e-type=\"widget\" data-widget_type=\"heading.default\">\n\t\t\t\t<div class=\"elementor-widget-container\">\n\t\t\t\t\t<p class=\"elementor-heading-title elementor-size-default\">Local products, sea and mountain<\/p>\t\t\t\t<\/div>\n\t\t\t\t<\/div>\n\t\t\t\t<div class=\"elementor-element elementor-element-1ef4332 elementor-align-center elementor-widget__width-initial elementor-widget elementor-widget-button\" data-id=\"1ef4332\" data-element_type=\"widget\" data-e-type=\"widget\" data-widget_type=\"button.default\">\n\t\t\t\t<div class=\"elementor-widget-container\">\n\t\t\t\t\t\t\t\t\t<div class=\"elementor-button-wrapper\">\n\t\t\t\t\t<a class=\"elementor-button elementor-button-link elementor-size-sm\" href=\"https:\/\/lesmagnolies.com\/en\/gastronomy\/\">\n\t\t\t\t\t\t<span class=\"elementor-button-content-wrapper\">\n\t\t\t\t\t\t\t\t\t<span class=\"elementor-button-text\">MENUS<\/span>\n\t\t\t\t\t<\/span>\n\t\t\t\t\t<\/a>\n\t\t\t\t<\/div>\n\t\t\t\t\t\t\t\t<\/div>\n\t\t\t\t<\/div>\n\t\t\t\t<\/div>\n\t\t<div class=\"elementor-element elementor-element-bb1f921 e-con-full e-flex e-con e-child\" data-id=\"bb1f921\" data-element_type=\"container\" data-e-type=\"container\" data-settings=\"{&quot;background_background&quot;:&quot;slideshow&quot;,&quot;background_slideshow_gallery&quot;:[{&quot;id&quot;:1458,&quot;url&quot;:&quot;https:\\\/\\\/lesmagnolies.com\\\/wp-content\\\/uploads\\\/2024\\\/04\\\/inici-21.jpg&quot;},{&quot;id&quot;:1461,&quot;url&quot;:&quot;https:\\\/\\\/lesmagnolies.com\\\/wp-content\\\/uploads\\\/2024\\\/04\\\/inici-22.jpg&quot;},{&quot;id&quot;:1464,&quot;url&quot;:&quot;https:\\\/\\\/lesmagnolies.com\\\/wp-content\\\/uploads\\\/2024\\\/04\\\/inici-23.jpg&quot;},{&quot;id&quot;:1467,&quot;url&quot;:&quot;https:\\\/\\\/lesmagnolies.com\\\/wp-content\\\/uploads\\\/2024\\\/04\\\/inici-24.jpg&quot;},{&quot;id&quot;:1470,&quot;url&quot;:&quot;https:\\\/\\\/lesmagnolies.com\\\/wp-content\\\/uploads\\\/2024\\\/04\\\/inici-25.jpg&quot;}],&quot;background_slideshow_loop&quot;:&quot;yes&quot;,&quot;background_slideshow_slide_duration&quot;:5000,&quot;background_slideshow_slide_transition&quot;:&quot;fade&quot;,&quot;background_slideshow_transition_duration&quot;:500}\">\n\t\t\t\t<div class=\"elementor-element elementor-element-31ef9b5 elementor-widget elementor-widget-spacer\" data-id=\"31ef9b5\" data-element_type=\"widget\" data-e-type=\"widget\" data-widget_type=\"spacer.default\">\n\t\t\t\t<div class=\"elementor-widget-container\">\n\t\t\t\t\t\t\t<div class=\"elementor-spacer\">\n\t\t\t<div class=\"elementor-spacer-inner\"><\/div>\n\t\t<\/div>\n\t\t\t\t\t\t<\/div>\n\t\t\t\t<\/div>\n\t\t\t\t<\/div>\n\t\t\t\t<\/div>\n\t\t<div class=\"elementor-element elementor-element-c0d3229 e-con-full e-flex e-con e-parent\" data-id=\"c0d3229\" data-element_type=\"container\" data-e-type=\"container\">\n\t\t<div class=\"elementor-element elementor-element-c5a2606 e-con-full e-flex e-con e-child\" data-id=\"c5a2606\" data-element_type=\"container\" data-e-type=\"container\" data-settings=\"{&quot;background_background&quot;:&quot;slideshow&quot;,&quot;background_slideshow_gallery&quot;:[{&quot;id&quot;:1294,&quot;url&quot;:&quot;https:\\\/\\\/lesmagnolies.com\\\/wp-content\\\/uploads\\\/2024\\\/04\\\/espais-17-2.jpg&quot;},{&quot;id&quot;:1436,&quot;url&quot;:&quot;https:\\\/\\\/lesmagnolies.com\\\/wp-content\\\/uploads\\\/2024\\\/04\\\/inici-12.jpg&quot;},{&quot;id&quot;:1439,&quot;url&quot;:&quot;https:\\\/\\\/lesmagnolies.com\\\/wp-content\\\/uploads\\\/2024\\\/04\\\/inici-13.jpg&quot;},{&quot;id&quot;:1442,&quot;url&quot;:&quot;https:\\\/\\\/lesmagnolies.com\\\/wp-content\\\/uploads\\\/2024\\\/04\\\/inici-14.jpg&quot;}],&quot;background_slideshow_slide_duration&quot;:2000,&quot;background_slideshow_loop&quot;:&quot;yes&quot;,&quot;background_slideshow_slide_transition&quot;:&quot;fade&quot;,&quot;background_slideshow_transition_duration&quot;:500}\">\n\t\t\t\t<div class=\"elementor-element elementor-element-cfe5a06 elementor-widget elementor-widget-spacer\" data-id=\"cfe5a06\" data-element_type=\"widget\" data-e-type=\"widget\" data-widget_type=\"spacer.default\">\n\t\t\t\t<div class=\"elementor-widget-container\">\n\t\t\t\t\t\t\t<div class=\"elementor-spacer\">\n\t\t\t<div class=\"elementor-spacer-inner\"><\/div>\n\t\t<\/div>\n\t\t\t\t\t\t<\/div>\n\t\t\t\t<\/div>\n\t\t\t\t<\/div>\n\t\t<div class=\"elementor-element elementor-element-017c500 e-con-full e-flex e-con e-child\" data-id=\"017c500\" data-element_type=\"container\" data-e-type=\"container\" data-settings=\"{&quot;background_background&quot;:&quot;gradient&quot;}\">\n\t\t\t\t<div class=\"elementor-element elementor-element-2f19bfc elementor-widget__width-initial textprimeraseccio elementor-widget elementor-widget-heading\" data-id=\"2f19bfc\" data-element_type=\"widget\" data-e-type=\"widget\" data-widget_type=\"heading.default\">\n\t\t\t\t<div class=\"elementor-widget-container\">\n\t\t\t\t\t<h2 class=\"elementor-heading-title elementor-size-default\">Catering for weddings and events<\/h2>\t\t\t\t<\/div>\n\t\t\t\t<\/div>\n\t\t\t\t<div class=\"elementor-element elementor-element-8218402 elementor-widget__width-initial elementor-widget elementor-widget-heading\" data-id=\"8218402\" data-element_type=\"widget\" data-e-type=\"widget\" data-widget_type=\"heading.default\">\n\t\t\t\t<div class=\"elementor-widget-container\">\n\t\t\t\t\t<p class=\"elementor-heading-title elementor-size-default\">If you can dream it,<br>we can do it.<\/p>\t\t\t\t<\/div>\n\t\t\t\t<\/div>\n\t\t\t\t<div class=\"elementor-element elementor-element-798cdba elementor-align-center elementor-widget__width-initial elementor-widget elementor-widget-button\" data-id=\"798cdba\" data-element_type=\"widget\" data-e-type=\"widget\" data-widget_type=\"button.default\">\n\t\t\t\t<div class=\"elementor-widget-container\">\n\t\t\t\t\t\t\t\t\t<div class=\"elementor-button-wrapper\">\n\t\t\t\t\t<a class=\"elementor-button elementor-button-link elementor-size-sm\" href=\"https:\/\/lesmagnolies.com\/en\/events\/\">\n\t\t\t\t\t\t<span class=\"elementor-button-content-wrapper\">\n\t\t\t\t\t\t\t\t\t<span class=\"elementor-button-text\">EVENTS<\/span>\n\t\t\t\t\t<\/span>\n\t\t\t\t\t<\/a>\n\t\t\t\t<\/div>\n\t\t\t\t\t\t\t\t<\/div>\n\t\t\t\t<\/div>\n\t\t\t\t<\/div>\n\t\t\t\t<\/div>\n\t\t<div class=\"elementor-element elementor-element-9d6ffac e-con-full elementor-hidden-mobile e-flex e-con e-parent\" data-id=\"9d6ffac\" data-element_type=\"container\" data-e-type=\"container\" data-settings=\"{&quot;position&quot;:&quot;absolute&quot;}\">\n\t\t\t\t<div class=\"elementor-element elementor-element-96c3e9c elementor-widget__width-initial textprimeraseccio elementor-widget-mobile__width-inherit elementor-hidden-mobile animated-slow elementor-invisible elementor-widget elementor-widget-heading\" data-id=\"96c3e9c\" data-element_type=\"widget\" data-e-type=\"widget\" data-settings=\"{&quot;_animation&quot;:&quot;fadeIn&quot;}\" data-widget_type=\"heading.default\">\n\t\t\t\t<div class=\"elementor-widget-container\">\n\t\t\t\t\t<p class=\"elementor-heading-title elementor-size-default\">\u201cA chef becomes an artist when he has something to say through his dishes, like a painter with his creations\u201d<br> Joan Mir\u00f3 <br><\/p>\t\t\t\t<\/div>\n\t\t\t\t<\/div>\n\t\t\t\t<div class=\"elementor-element elementor-element-edf43fe elementor-align-center elementor-widget__width-inherit elementor-hidden-mobile elementor-widget elementor-widget-button\" data-id=\"edf43fe\" data-element_type=\"widget\" data-e-type=\"widget\" data-widget_type=\"button.default\">\n\t\t\t\t<div class=\"elementor-widget-container\">\n\t\t\t\t\t\t\t\t\t<div class=\"elementor-button-wrapper\">\n\t\t\t\t\t<a class=\"elementor-button elementor-button-link elementor-size-sm\" href=\"https:\/\/lesmagnolies.com\/en\/restaurant\/\">\n\t\t\t\t\t\t<span class=\"elementor-button-content-wrapper\">\n\t\t\t\t\t\t\t\t\t<span class=\"elementor-button-text\">RESTAURANT<\/span>\n\t\t\t\t\t<\/span>\n\t\t\t\t\t<\/a>\n\t\t\t\t<\/div>\n\t\t\t\t\t\t\t\t<\/div>\n\t\t\t\t<\/div>\n\t\t\t\t<\/div>\n\t\t\t\t<\/div>\n\t\t","protected":false},"excerpt":{"rendered":"<p>\u201cA chef becomes an artist when he has something to say through his dishes, like a painter with his creations\u201d Joan Mir\u00f3 RESTAURANT Les Magn\u00f2lies Restaurant Local products, sea and mountain MENUS Catering for weddings and events If you can dream it,we can do it. EVENTS \u201cA chef becomes an artist when he has something [&hellip;]<\/p>\n","protected":false},"author":1,"featured_media":0,"parent":0,"menu_order":0,"comment_status":"closed","ping_status":"closed","template":"elementor_header_footer","meta":{"inline_featured_image":false,"footnotes":""},"class_list":["post-1774","page","type-page","status-publish","hentry"],"yoast_head":"<!-- This site is optimized with the Yoast SEO plugin v27.3 - https:\/\/yoast.com\/product\/yoast-seo-wordpress\/ -->\n<title>Restaurant Les Magn\u00f2lies in Arb\u00facies - Michelin-starred product cuisine<\/title>\n<meta name=\"description\" content=\"Restaurant Les Magn\u00f2lies in Arb\u00facies, in the Montseny valley and near Girona. Product cuisine with a Michelin star\" \/>\n<meta name=\"robots\" content=\"index, follow, max-snippet:-1, max-image-preview:large, max-video-preview:-1\" \/>\n<link rel=\"canonical\" href=\"https:\/\/lesmagnolies.com\/en\/\" \/>\n<meta property=\"og:locale\" content=\"en_US\" \/>\n<meta property=\"og:type\" content=\"article\" \/>\n<meta property=\"og:title\" content=\"Restaurant Les Magn\u00f2lies in Arb\u00facies - Michelin-starred product cuisine\" \/>\n<meta property=\"og:description\" content=\"Restaurant Les Magn\u00f2lies in Arb\u00facies, in the Montseny valley and near Girona. Product cuisine with a Michelin star\" \/>\n<meta property=\"og:url\" content=\"https:\/\/lesmagnolies.com\/en\/\" \/>\n<meta property=\"og:site_name\" content=\"Les Magn\u00f2lies\" \/>\n<meta property=\"article:modified_time\" content=\"2024-04-16T09:55:01+00:00\" \/>\n<meta name=\"twitter:card\" content=\"summary_large_image\" \/>\n<script type=\"application\/ld+json\" class=\"yoast-schema-graph\">{\"@context\":\"https:\\\/\\\/schema.org\",\"@graph\":[{\"@type\":\"WebPage\",\"@id\":\"https:\\\/\\\/lesmagnolies.com\\\/en\\\/\",\"url\":\"https:\\\/\\\/lesmagnolies.com\\\/en\\\/\",\"name\":\"Restaurant Les Magn\u00f2lies in Arb\u00facies - Michelin-starred product cuisine\",\"isPartOf\":{\"@id\":\"https:\\\/\\\/lesmagnolies.com\\\/en\\\/#website\"},\"datePublished\":\"2024-03-06T08:25:29+00:00\",\"dateModified\":\"2024-04-16T09:55:01+00:00\",\"description\":\"Restaurant Les Magn\u00f2lies in Arb\u00facies, in the Montseny valley and near Girona. Product cuisine with a Michelin star\",\"breadcrumb\":{\"@id\":\"https:\\\/\\\/lesmagnolies.com\\\/en\\\/#breadcrumb\"},\"inLanguage\":\"en-US\",\"potentialAction\":[{\"@type\":\"ReadAction\",\"target\":[\"https:\\\/\\\/lesmagnolies.com\\\/en\\\/\"]}]},{\"@type\":\"BreadcrumbList\",\"@id\":\"https:\\\/\\\/lesmagnolies.com\\\/en\\\/#breadcrumb\",\"itemListElement\":[{\"@type\":\"ListItem\",\"position\":1,\"name\":\"Inici\",\"item\":\"https:\\\/\\\/lesmagnolies.com\\\/en\\\/home\\\/\"},{\"@type\":\"ListItem\",\"position\":2,\"name\":\"Home\"}]},{\"@type\":\"WebSite\",\"@id\":\"https:\\\/\\\/lesmagnolies.com\\\/en\\\/#website\",\"url\":\"https:\\\/\\\/lesmagnolies.com\\\/en\\\/\",\"name\":\"Restaurant Les Magn\u00f2lies\",\"description\":\"Restaurant de producte a Arb\u00facies\",\"publisher\":{\"@id\":\"https:\\\/\\\/lesmagnolies.com\\\/en\\\/#organization\"},\"alternateName\":\"Restaurant Les Magn\u00f2lies\",\"potentialAction\":[{\"@type\":\"SearchAction\",\"target\":{\"@type\":\"EntryPoint\",\"urlTemplate\":\"https:\\\/\\\/lesmagnolies.com\\\/en\\\/?s={search_term_string}\"},\"query-input\":{\"@type\":\"PropertyValueSpecification\",\"valueRequired\":true,\"valueName\":\"search_term_string\"}}],\"inLanguage\":\"en-US\"},{\"@type\":\"Organization\",\"@id\":\"https:\\\/\\\/lesmagnolies.com\\\/en\\\/#organization\",\"name\":\"Restaurant Les Magn\u00f2lies\",\"alternateName\":\"Restaurant Les Magn\u00f2lies\",\"url\":\"https:\\\/\\\/lesmagnolies.com\\\/en\\\/\",\"logo\":{\"@type\":\"ImageObject\",\"inLanguage\":\"en-US\",\"@id\":\"https:\\\/\\\/lesmagnolies.com\\\/en\\\/#\\\/schema\\\/logo\\\/image\\\/\",\"url\":\"https:\\\/\\\/lesmagnolies.com\\\/wp-content\\\/uploads\\\/2024\\\/03\\\/logo-amb-flor.svg\",\"contentUrl\":\"https:\\\/\\\/lesmagnolies.com\\\/wp-content\\\/uploads\\\/2024\\\/03\\\/logo-amb-flor.svg\",\"width\":340,\"height\":171,\"caption\":\"Restaurant Les Magn\u00f2lies\"},\"image\":{\"@id\":\"https:\\\/\\\/lesmagnolies.com\\\/en\\\/#\\\/schema\\\/logo\\\/image\\\/\"},\"sameAs\":[\"https:\\\/\\\/www.instagram.com\\\/lesmagnolies\\\/\"]}]}<\/script>\n<!-- \/ Yoast SEO plugin. -->","yoast_head_json":{"title":"Restaurant Les Magn\u00f2lies in Arb\u00facies - Michelin-starred product cuisine","description":"Restaurant Les Magn\u00f2lies in Arb\u00facies, in the Montseny valley and near Girona. Product cuisine with a Michelin star","robots":{"index":"index","follow":"follow","max-snippet":"max-snippet:-1","max-image-preview":"max-image-preview:large","max-video-preview":"max-video-preview:-1"},"canonical":"https:\/\/lesmagnolies.com\/en\/","og_locale":"en_US","og_type":"article","og_title":"Restaurant Les Magn\u00f2lies in Arb\u00facies - Michelin-starred product cuisine","og_description":"Restaurant Les Magn\u00f2lies in Arb\u00facies, in the Montseny valley and near Girona. Product cuisine with a Michelin star","og_url":"https:\/\/lesmagnolies.com\/en\/","og_site_name":"Les Magn\u00f2lies","article_modified_time":"2024-04-16T09:55:01+00:00","twitter_card":"summary_large_image","schema":{"@context":"https:\/\/schema.org","@graph":[{"@type":"WebPage","@id":"https:\/\/lesmagnolies.com\/en\/","url":"https:\/\/lesmagnolies.com\/en\/","name":"Restaurant Les Magn\u00f2lies in Arb\u00facies - Michelin-starred product cuisine","isPartOf":{"@id":"https:\/\/lesmagnolies.com\/en\/#website"},"datePublished":"2024-03-06T08:25:29+00:00","dateModified":"2024-04-16T09:55:01+00:00","description":"Restaurant Les Magn\u00f2lies in Arb\u00facies, in the Montseny valley and near Girona. Product cuisine with a Michelin star","breadcrumb":{"@id":"https:\/\/lesmagnolies.com\/en\/#breadcrumb"},"inLanguage":"en-US","potentialAction":[{"@type":"ReadAction","target":["https:\/\/lesmagnolies.com\/en\/"]}]},{"@type":"BreadcrumbList","@id":"https:\/\/lesmagnolies.com\/en\/#breadcrumb","itemListElement":[{"@type":"ListItem","position":1,"name":"Inici","item":"https:\/\/lesmagnolies.com\/en\/home\/"},{"@type":"ListItem","position":2,"name":"Home"}]},{"@type":"WebSite","@id":"https:\/\/lesmagnolies.com\/en\/#website","url":"https:\/\/lesmagnolies.com\/en\/","name":"Restaurant Les Magn\u00f2lies","description":"Restaurant de producte a Arb\u00facies","publisher":{"@id":"https:\/\/lesmagnolies.com\/en\/#organization"},"alternateName":"Restaurant Les Magn\u00f2lies","potentialAction":[{"@type":"SearchAction","target":{"@type":"EntryPoint","urlTemplate":"https:\/\/lesmagnolies.com\/en\/?s={search_term_string}"},"query-input":{"@type":"PropertyValueSpecification","valueRequired":true,"valueName":"search_term_string"}}],"inLanguage":"en-US"},{"@type":"Organization","@id":"https:\/\/lesmagnolies.com\/en\/#organization","name":"Restaurant Les Magn\u00f2lies","alternateName":"Restaurant Les Magn\u00f2lies","url":"https:\/\/lesmagnolies.com\/en\/","logo":{"@type":"ImageObject","inLanguage":"en-US","@id":"https:\/\/lesmagnolies.com\/en\/#\/schema\/logo\/image\/","url":"https:\/\/lesmagnolies.com\/wp-content\/uploads\/2024\/03\/logo-amb-flor.svg","contentUrl":"https:\/\/lesmagnolies.com\/wp-content\/uploads\/2024\/03\/logo-amb-flor.svg","width":340,"height":171,"caption":"Restaurant Les Magn\u00f2lies"},"image":{"@id":"https:\/\/lesmagnolies.com\/en\/#\/schema\/logo\/image\/"},"sameAs":["https:\/\/www.instagram.com\/lesmagnolies\/"]}]}},"_links":{"self":[{"href":"https:\/\/lesmagnolies.com\/en\/wp-json\/wp\/v2\/pages\/1774","targetHints":{"allow":["GET"]}}],"collection":[{"href":"https:\/\/lesmagnolies.com\/en\/wp-json\/wp\/v2\/pages"}],"about":[{"href":"https:\/\/lesmagnolies.com\/en\/wp-json\/wp\/v2\/types\/page"}],"author":[{"embeddable":true,"href":"https:\/\/lesmagnolies.com\/en\/wp-json\/wp\/v2\/users\/1"}],"replies":[{"embeddable":true,"href":"https:\/\/lesmagnolies.com\/en\/wp-json\/wp\/v2\/comments?post=1774"}],"version-history":[{"count":10,"href":"https:\/\/lesmagnolies.com\/en\/wp-json\/wp\/v2\/pages\/1774\/revisions"}],"predecessor-version":[{"id":1955,"href":"https:\/\/lesmagnolies.com\/en\/wp-json\/wp\/v2\/pages\/1774\/revisions\/1955"}],"wp:attachment":[{"href":"https:\/\/lesmagnolies.com\/en\/wp-json\/wp\/v2\/media?parent=1774"}],"curies":[{"name":"wp","href":"https:\/\/api.w.org\/{rel}","templated":true}]}}